{"id":1750,"date":"2015-07-27T15:08:21","date_gmt":"2015-07-27T15:08:21","guid":{"rendered":"http:\/\/wp.magnium-themes.com\/hind\/hind-1\/?page_id=8"},"modified":"2017-05-17T14:05:58","modified_gmt":"2017-05-17T12:05:58","slug":"portfolio","status":"publish","type":"page","link":"https:\/\/communication.pl\/en\/portfolio\/","title":{"rendered":"Case studies"},"content":{"rendered":"<div class=\"wpb-content-wrapper\">[vc_row css=&#8221;.vc_custom_1438280557759{margin-bottom: 100px !important;}&#8221;][vc_column][vc_row_inner][vc_column_inner][vc_column_text][\/vc_column_text][\/vc_column_inner][\/vc_row_inner][vc_column_text]\n<h1 style=\"text-align: left;\">Case studies<\/h1>\n[\/vc_column_text]\n\t\n\t<div class=\"portfolio-list portfolio-columns-4 portfolio-grid-layout-0 clearfix\" id=\"portfolio-list\">\n\n\t<br \/>\n<b>Warning<\/b>:  count(): Parameter must be an array or an object that implements Countable in <b>\/wp-content\/plugins\/hind-theme-addons\/inc\/shortcodes\/wp\/mgt-portfolio-grid-wp.php<\/b> on line <b>132<\/b><br \/>\n\t<div class=\"portfolio-item-block portfolio-item-animation-2 mix\" data-item=\"1\" data-name=\"15 lat YTONG w Polsce \u2013 innowacje i energooszcz\u0119dno\u015b\u0107\">\n\t<div class=\"portfolio-item-block-inside\">\n\t  <a href=\"https:\/\/communication.pl\/en\/portfolio-item\/ytong\/\" target=\"_self\">\n\t    <div class=\"portfolio-item-image\" data-style=\"background-image: url(https:\/\/communication.pl\/wp-content\/uploads\/2016\/10\/ytong_home_site2-1.jpg);\"><\/div>\n\t    <div class=\"portfolio-item-bg\"><\/div>\n\t    <div class=\"info\">\n\t      <span class=\"sub-title\"><\/span>\n\t      <h4 class=\"title\">15 lat YTONG w Polsce \u2013 innowacje i energooszcz\u0119dno\u015b\u0107<\/h4>\n\t    <\/div>\n\t  <\/a>\n\t<\/div>\n\t<\/div>\n\t<br \/>\n<b>Warning<\/b>:  count(): Parameter must be an array or an object that implements Countable in <b>\/wp-content\/plugins\/hind-theme-addons\/inc\/shortcodes\/wp\/mgt-portfolio-grid-wp.php<\/b> on line <b>132<\/b><br \/>\n\t<div class=\"portfolio-item-block portfolio-item-animation-2 mix\" data-item=\"2\" data-name=\"Obs\u0142uga marki Timex\">\n\t<div class=\"portfolio-item-block-inside\">\n\t  <a href=\"https:\/\/communication.pl\/en\/portfolio-item\/obsluga-marki-timex\/\" target=\"_self\">\n\t    <div class=\"portfolio-item-image\" data-style=\"background-image: url(https:\/\/communication.pl\/wp-content\/uploads\/2016\/06\/timex_home_site2-1.jpg);\"><\/div>\n\t    <div class=\"portfolio-item-bg\"><\/div>\n\t    <div class=\"info\">\n\t      <span class=\"sub-title\"><\/span>\n\t      <h4 class=\"title\">Obs\u0142uga marki Timex<\/h4>\n\t    <\/div>\n\t  <\/a>\n\t<\/div>\n\t<\/div>\n\t<br \/>\n<b>Warning<\/b>:  count(): Parameter must be an array or an object that implements Countable in <b>\/wp-content\/plugins\/hind-theme-addons\/inc\/shortcodes\/wp\/mgt-portfolio-grid-wp.php<\/b> on line <b>132<\/b><br \/>\n\t<div class=\"portfolio-item-block portfolio-item-animation-2 mix\" data-item=\"3\" data-name=\"Obs\u0142uga marki iSpot\">\n\t<div class=\"portfolio-item-block-inside\">\n\t  <a href=\"https:\/\/communication.pl\/en\/portfolio-item\/obsluga-marki-ispot\/\" target=\"_self\">\n\t    <div class=\"portfolio-item-image\" data-style=\"background-image: url(https:\/\/communication.pl\/wp-content\/uploads\/2016\/06\/ispot.jpg);\"><\/div>\n\t    <div class=\"portfolio-item-bg\"><\/div>\n\t    <div class=\"info\">\n\t      <span class=\"sub-title\"><\/span>\n\t      <h4 class=\"title\">Obs\u0142uga marki iSpot<\/h4>\n\t    <\/div>\n\t  <\/a>\n\t<\/div>\n\t<\/div>\n\t<br \/>\n<b>Warning<\/b>:  count(): Parameter must be an array or an object that implements Countable in <b>\/wp-content\/plugins\/hind-theme-addons\/inc\/shortcodes\/wp\/mgt-portfolio-grid-wp.php<\/b> on line <b>132<\/b><br \/>\n\t<div class=\"portfolio-item-block portfolio-item-animation-2 mix\" data-item=\"1\" data-name=\"Wsp\u00f3\u0142praca z Autodesk\">\n\t<div class=\"portfolio-item-block-inside\">\n\t  <a href=\"https:\/\/communication.pl\/en\/portfolio-item\/wspolpraca-z-autodesk\/\" target=\"_self\">\n\t    <div class=\"portfolio-item-image\" data-style=\"background-image: url(https:\/\/communication.pl\/wp-content\/uploads\/2016\/06\/autodesk.jpg);\"><\/div>\n\t    <div class=\"portfolio-item-bg\"><\/div>\n\t    <div class=\"info\">\n\t      <span class=\"sub-title\"><\/span>\n\t      <h4 class=\"title\">Wsp\u00f3\u0142praca z Autodesk<\/h4>\n\t    <\/div>\n\t  <\/a>\n\t<\/div>\n\t<\/div>\n\t\t         \n\t\n\t<\/div>\n\n\n<script>(function($){\n\t    $(document).ready(function() {\n\n\t\t    $(\"#portfolio-list\").mixItUp({effects:[\"fade\",\"fade\"],easing:\"snap\"});\n\n\t    });})(jQuery);<\/script>[\/vc_column][\/vc_row][vc_row][vc_column][\/vc_column][\/vc_row]\n<\/div>","protected":false},"excerpt":{"rendered":"<p>[vc_row css=&#8221;.vc_custom_1438280557759{margin-bottom: 100px !important;}&#8221;][vc_column][vc_row_inner][vc_column_inner][vc_column_text][\/vc_column_text][\/vc_column_inner][\/vc_row_inner][vc_column_text] Case studies [\/vc_column_text][\/vc_column][\/vc_row][vc_row][vc_column][\/vc_column][\/vc_row]<\/p>\n","protected":false},"author":1,"featured_media":0,"parent":0,"menu_order":0,"comment_status":"closed","ping_status":"closed","template":"","meta":{"footnotes":""},"class_list":["post-1750","page","type-page","status-publish","hentry"],"_links":{"self":[{"href":"https:\/\/communication.pl\/en\/wp-json\/wp\/v2\/pages\/1750","targetHints":{"allow":["GET"]}}],"collection":[{"href":"https:\/\/communication.pl\/en\/wp-json\/wp\/v2\/pages"}],"about":[{"href":"https:\/\/communication.pl\/en\/wp-json\/wp\/v2\/types\/page"}],"author":[{"embeddable":true,"href":"https:\/\/communication.pl\/en\/wp-json\/wp\/v2\/users\/1"}],"replies":[{"embeddable":true,"href":"https:\/\/communication.pl\/en\/wp-json\/wp\/v2\/comments?post=1750"}],"version-history":[{"count":14,"href":"https:\/\/communication.pl\/en\/wp-json\/wp\/v2\/pages\/1750\/revisions"}],"predecessor-version":[{"id":2570,"href":"https:\/\/communication.pl\/en\/wp-json\/wp\/v2\/pages\/1750\/revisions\/2570"}],"wp:attachment":[{"href":"https:\/\/communication.pl\/en\/wp-json\/wp\/v2\/media?parent=1750"}],"curies":[{"name":"wp","href":"https:\/\/api.w.org\/{rel}","templated":true}]}}