{"id":2172,"date":"2016-06-08T14:34:30","date_gmt":"2016-06-08T12:34:30","guid":{"rendered":"http:\/\/communication.pl\/?page_id=2172"},"modified":"2016-06-14T12:48:31","modified_gmt":"2016-06-14T10:48:31","slug":"biuro-prasowe","status":"publish","type":"page","link":"https:\/\/communication.pl\/en\/biuro-prasowe\/","title":{"rendered":"Biuro prasowe"},"content":{"rendered":"<div class=\"wpb-content-wrapper\">[vc_row][vc_column width=&#8221;1\/3&#8243;][vc_single_image image=&#8221;2271&#8243; img_size=&#8221;full&#8221; onclick=&#8221;custom_link&#8221; title=&#8221;Rozpoczynamy seri\u0119 spotka\u0144 Zacznij Tworzy\u0107 w salonach iSpot&#8221; link=&#8221;http:\/\/communication.pl\/index.php\/biuro-prasowe\/zacznij-tworzyc-w-salonach-ispot\/&#8221;][vc_column_text]<span style=\"color: #000000;\"><a style=\"color: #000000; text-decoration: underline;\" href=\"http:\/\/communication.pl\/index.php\/biuro-prasowe\/zacznij-tworzyc-w-salonach-ispot\/\">Zacznij Tworzy\u0107 to spotkania w salonach iSpot dla os\u00f3b kreatywnych, zainteresowanych grafik\u0105, fotografi\u0105, sztu<span style=\"color: #000000; text-decoration: underline;\">k\u0105<\/span><\/a><a style=\"color: #000000;\" href=\"http:\/\/communication.pl\/index.php\/biuro-prasowe\/zacznij-tworzyc-w-salonach-ispot\/\">\u00a0(czytaj dalej)<\/a>.<\/span>[\/vc_column_text][\/vc_column][vc_column width=&#8221;1\/3&#8243;][vc_single_image image=&#8221;2275&#8243; img_size=&#8221;full&#8221; onclick=&#8221;custom_link&#8221; title=&#8221;Organizujemy Communication Day 2016 dla iSpot i iCenter&#8221; link=&#8221;http:\/\/communication.pl\/index.php\/biuro-prasowe\/communication-day-2016\/&#8221;][vc_column_text]<span style=\"color: #000000;\"><a style=\"color: #000000;\" href=\"http:\/\/communication.pl\/index.php\/biuro-prasowe\/communication-day-2016\/\">Communication Day 2016 \u2013 coroczne spotkanie iSpot (Polska) i iCenter (Rumunia, W\u0119gry) \u2013 za n<span style=\"color: #000000;\">ami<\/span><\/a><a style=\"color: #000000;\" href=\"http:\/\/communication.pl\/index.php\/biuro-prasowe\/communication-day-2016\/\">\u00a0(czytaj dalej).<\/a><\/span>[\/vc_column_text][\/vc_column][vc_column width=&#8221;1\/3&#8243;][vc_single_image image=&#8221;2278&#8243; img_size=&#8221;full&#8221; onclick=&#8221;custom_link&#8221; title=&#8221;Premiera prasowa nowego tynku hydrofilowego marki Weber&#8221; link=&#8221;http:\/\/communication.pl\/index.php\/biuro-prasowe\/premiera-prasowa-nowego-tynku-hydrofilowego-marki-weber\/&#8221;][vc_column_text]<span style=\"color: #000000;\"><a style=\"color: #000000;\" href=\"http:\/\/communication.pl\/index.php\/biuro-prasowe\/premiera-prasowa-nowego-tynku-hydrofilowego-marki-weber\/\">W \u015brod\u0119 mia\u0142a miejsce premiera prasowa tynku hydrofilowego weber.pas topdry z technologi\u0105 AquaBalance. W spotkaniu uczestniczy\u0142o kilkunastu dziennikarzy z kluczowych medi\u00f3w bran\u017cowych (czytaj dalej).<\/a><\/span>[\/vc_column_text][\/vc_column][\/vc_row]\n<\/div>","protected":false},"excerpt":{"rendered":"<p>[vc_row][vc_column width=&#8221;1\/3&#8243;][vc_single_image image=&#8221;2271&#8243; img_size=&#8221;full&#8221; onclick=&#8221;custom_link&#8221; title=&#8221;Rozpoczynamy seri\u0119 spotka\u0144 Zacznij Tworzy\u0107 w salonach iSpot&#8221; link=&#8221;http:\/\/communication.pl\/index.php\/biuro-prasowe\/zacznij-tworzyc-w-salonach-ispot\/&#8221;][vc_column_text]Zacznij Tworzy\u0107 to spotkania w&#8230;<\/p>\n","protected":false},"author":1,"featured_media":0,"parent":0,"menu_order":0,"comment_status":"closed","ping_status":"closed","template":"","meta":{"footnotes":""},"class_list":["post-2172","page","type-page","status-publish","hentry"],"_links":{"self":[{"href":"https:\/\/communication.pl\/en\/wp-json\/wp\/v2\/pages\/2172","targetHints":{"allow":["GET"]}}],"collection":[{"href":"https:\/\/communication.pl\/en\/wp-json\/wp\/v2\/pages"}],"about":[{"href":"https:\/\/communication.pl\/en\/wp-json\/wp\/v2\/types\/page"}],"author":[{"embeddable":true,"href":"https:\/\/communication.pl\/en\/wp-json\/wp\/v2\/users\/1"}],"replies":[{"embeddable":true,"href":"https:\/\/communication.pl\/en\/wp-json\/wp\/v2\/comments?post=2172"}],"version-history":[{"count":19,"href":"https:\/\/communication.pl\/en\/wp-json\/wp\/v2\/pages\/2172\/revisions"}],"predecessor-version":[{"id":2287,"href":"https:\/\/communication.pl\/en\/wp-json\/wp\/v2\/pages\/2172\/revisions\/2287"}],"wp:attachment":[{"href":"https:\/\/communication.pl\/en\/wp-json\/wp\/v2\/media?parent=2172"}],"curies":[{"name":"wp","href":"https:\/\/api.w.org\/{rel}","templated":true}]}}