{"id":2194,"date":"2016-06-10T14:48:24","date_gmt":"2016-06-10T12:48:24","guid":{"rendered":"http:\/\/communication.pl\/?page_id=2194"},"modified":"2016-06-10T14:48:34","modified_gmt":"2016-06-10T12:48:34","slug":"zacznij-tworzyc-w-salonach-ispot","status":"publish","type":"page","link":"https:\/\/communication.pl\/en\/biuro-prasowe\/zacznij-tworzyc-w-salonach-ispot\/","title":{"rendered":"Zacznij Tworzy\u0107 w salonach iSpot"},"content":{"rendered":"<div class=\"wpb-content-wrapper\">[vc_row][vc_column][vc_column_text]Zacznij Tworzy\u0107 to spotkania w salonach iSpot dla os\u00f3b kreatywnych, zainteresowanych grafik\u0105, fotografi\u0105, sztuk\u0105. Dzisiaj w Premium Zone w salonie iSpot w warszawskiej Arkadii \u2013 Micha\u0142 Koralewski i fotografia mobilna. Zapraszamy! Omega Communication koordynuje tegoroczny cykl inspiruj\u0105cych spotka\u0144 Zacznij Tworzy\u0107. Wi\u0119cej informacji <a href=\"http:\/\/ispot.pl\/s,zacznij-tworzyc\" target=\"_blank\">pod linkiem<\/a>.[\/vc_column_text][vc_separator][vc_single_image image=&#8221;2177&#8243; img_size=&#8221;full&#8221;][vc_separator][\/vc_column][\/vc_row]\n<\/div>","protected":false},"excerpt":{"rendered":"<p>[vc_row][vc_column][vc_column_text]Zacznij Tworzy\u0107 to spotkania w salonach iSpot dla os\u00f3b kreatywnych, zainteresowanych grafik\u0105, fotografi\u0105, sztuk\u0105. Dzisiaj w Premium Zone&#8230;<\/p>\n","protected":false},"author":1,"featured_media":0,"parent":2172,"menu_order":0,"comment_status":"closed","ping_status":"closed","template":"","meta":{"footnotes":""},"class_list":["post-2194","page","type-page","status-publish","hentry"],"_links":{"self":[{"href":"https:\/\/communication.pl\/en\/wp-json\/wp\/v2\/pages\/2194","targetHints":{"allow":["GET"]}}],"collection":[{"href":"https:\/\/communication.pl\/en\/wp-json\/wp\/v2\/pages"}],"about":[{"href":"https:\/\/communication.pl\/en\/wp-json\/wp\/v2\/types\/page"}],"author":[{"embeddable":true,"href":"https:\/\/communication.pl\/en\/wp-json\/wp\/v2\/users\/1"}],"replies":[{"embeddable":true,"href":"https:\/\/communication.pl\/en\/wp-json\/wp\/v2\/comments?post=2194"}],"version-history":[{"count":2,"href":"https:\/\/communication.pl\/en\/wp-json\/wp\/v2\/pages\/2194\/revisions"}],"predecessor-version":[{"id":2196,"href":"https:\/\/communication.pl\/en\/wp-json\/wp\/v2\/pages\/2194\/revisions\/2196"}],"up":[{"embeddable":true,"href":"https:\/\/communication.pl\/en\/wp-json\/wp\/v2\/pages\/2172"}],"wp:attachment":[{"href":"https:\/\/communication.pl\/en\/wp-json\/wp\/v2\/media?parent=2194"}],"curies":[{"name":"wp","href":"https:\/\/api.w.org\/{rel}","templated":true}]}}