{"id":2197,"date":"2016-06-10T14:52:31","date_gmt":"2016-06-10T12:52:31","guid":{"rendered":"http:\/\/communication.pl\/?page_id=2197"},"modified":"2016-06-10T15:00:37","modified_gmt":"2016-06-10T13:00:37","slug":"premiera-prasowa-nowego-tynku-hydrofilowego-marki-weber","status":"publish","type":"page","link":"https:\/\/communication.pl\/en\/biuro-prasowe\/premiera-prasowa-nowego-tynku-hydrofilowego-marki-weber\/","title":{"rendered":"Premiera prasowa nowego tynku hydrofilowego marki weber"},"content":{"rendered":"<div class=\"wpb-content-wrapper\">[vc_row][vc_column][vc_column_text]W \u015brod\u0119 mia\u0142a miejsce premiera prasowa tynku hydrofilowego weber.pas topdry z technologi\u0105 AquaBalance. W spotkaniu uczestniczy\u0142o kilkunastu dziennikarzy z kluczowych medi\u00f3w bran\u017cowych. Uczestnicy rozmawiali o unikatowych w\u0142a\u015bciwo\u015bciach technologii AquaBalance. Dziennikarze mogli r\u00f3wnie\u017c przekona\u0107 si\u0119 o w\u0142a\u015bciwo\u015bciach nowego tynku w praktyce. Mark\u0119 Weber na spotkaniu reprezentowali: Kornel Dziworski, dyrektor generalny, Monika Mychlewicz, dyrektor marketingu, Krzysztof Siemak, senior product manager grupy produkt\u00f3w elewacyjnych. Omega Communication koordynowa\u0142a premier\u0119 prasow\u0105 nowego tynku.[\/vc_column_text][vc_separator][vc_single_image image=&#8221;2072&#8243; img_size=&#8221;full&#8221; alignment=&#8221;center&#8221;][vc_separator][\/vc_column][\/vc_row]\n<\/div>","protected":false},"excerpt":{"rendered":"<p>[vc_row][vc_column][vc_column_text]W \u015brod\u0119 mia\u0142a miejsce premiera prasowa tynku hydrofilowego weber.pas topdry z technologi\u0105 AquaBalance. W spotkaniu uczestniczy\u0142o kilkunastu dziennikarzy&#8230;<\/p>\n","protected":false},"author":1,"featured_media":0,"parent":2172,"menu_order":0,"comment_status":"closed","ping_status":"closed","template":"","meta":{"footnotes":""},"class_list":["post-2197","page","type-page","status-publish","hentry"],"_links":{"self":[{"href":"https:\/\/communication.pl\/en\/wp-json\/wp\/v2\/pages\/2197","targetHints":{"allow":["GET"]}}],"collection":[{"href":"https:\/\/communication.pl\/en\/wp-json\/wp\/v2\/pages"}],"about":[{"href":"https:\/\/communication.pl\/en\/wp-json\/wp\/v2\/types\/page"}],"author":[{"embeddable":true,"href":"https:\/\/communication.pl\/en\/wp-json\/wp\/v2\/users\/1"}],"replies":[{"embeddable":true,"href":"https:\/\/communication.pl\/en\/wp-json\/wp\/v2\/comments?post=2197"}],"version-history":[{"count":2,"href":"https:\/\/communication.pl\/en\/wp-json\/wp\/v2\/pages\/2197\/revisions"}],"predecessor-version":[{"id":2199,"href":"https:\/\/communication.pl\/en\/wp-json\/wp\/v2\/pages\/2197\/revisions\/2199"}],"up":[{"embeddable":true,"href":"https:\/\/communication.pl\/en\/wp-json\/wp\/v2\/pages\/2172"}],"wp:attachment":[{"href":"https:\/\/communication.pl\/en\/wp-json\/wp\/v2\/media?parent=2197"}],"curies":[{"name":"wp","href":"https:\/\/api.w.org\/{rel}","templated":true}]}}