{"id":2200,"date":"2016-06-10T14:59:37","date_gmt":"2016-06-10T12:59:37","guid":{"rendered":"http:\/\/communication.pl\/?page_id=2200"},"modified":"2016-06-10T14:59:46","modified_gmt":"2016-06-10T12:59:46","slug":"communication-day-2016","status":"publish","type":"page","link":"https:\/\/communication.pl\/en\/biuro-prasowe\/communication-day-2016\/","title":{"rendered":"Communication Day 2016"},"content":{"rendered":"<div class=\"wpb-content-wrapper\">[vc_row][vc_column][vc_column_text]Communication Day 2016 \u2013 coroczne spotkanie iSpot (Polska) i iCenter (Rumunia, W\u0119gry) \u2013 za nami. Podczas dwudniowego eventu podsumowano pe\u0142en wydarze\u0144 rok 2015 \u2013 m.in. otwarcie nowych salon\u00f3w, wprowadzenie nowych produkt\u00f3w i dynamiczny rozw\u00f3j firmy. Zaprezentowano ambitn\u0105 wizj\u0119 na najbli\u017csze lata. W wydarzeniu udzia\u0142 wzi\u0105\u0142 zarz\u0105d sp\u00f3\u0142ki, dyrektorzy z Polski oraz kierownicy salon\u00f3w.<\/p>\n<p>Omega Communication by\u0142a odpowiedzialna za organizacyjn\u0105 stron\u0119 projektu.[\/vc_column_text][vc_separator][vc_single_image image=&#8221;1908&#8243; img_size=&#8221;full&#8221; alignment=&#8221;center&#8221;][vc_separator][\/vc_column][\/vc_row]\n<\/div>","protected":false},"excerpt":{"rendered":"<p>[vc_row][vc_column][vc_column_text]Communication Day 2016 \u2013 coroczne spotkanie iSpot (Polska) i iCenter (Rumunia, W\u0119gry) \u2013 za nami. Podczas dwudniowego eventu&#8230;<\/p>\n","protected":false},"author":1,"featured_media":0,"parent":2172,"menu_order":0,"comment_status":"closed","ping_status":"closed","template":"","meta":{"footnotes":""},"class_list":["post-2200","page","type-page","status-publish","hentry"],"_links":{"self":[{"href":"https:\/\/communication.pl\/en\/wp-json\/wp\/v2\/pages\/2200","targetHints":{"allow":["GET"]}}],"collection":[{"href":"https:\/\/communication.pl\/en\/wp-json\/wp\/v2\/pages"}],"about":[{"href":"https:\/\/communication.pl\/en\/wp-json\/wp\/v2\/types\/page"}],"author":[{"embeddable":true,"href":"https:\/\/communication.pl\/en\/wp-json\/wp\/v2\/users\/1"}],"replies":[{"embeddable":true,"href":"https:\/\/communication.pl\/en\/wp-json\/wp\/v2\/comments?post=2200"}],"version-history":[{"count":1,"href":"https:\/\/communication.pl\/en\/wp-json\/wp\/v2\/pages\/2200\/revisions"}],"predecessor-version":[{"id":2201,"href":"https:\/\/communication.pl\/en\/wp-json\/wp\/v2\/pages\/2200\/revisions\/2201"}],"up":[{"embeddable":true,"href":"https:\/\/communication.pl\/en\/wp-json\/wp\/v2\/pages\/2172"}],"wp:attachment":[{"href":"https:\/\/communication.pl\/en\/wp-json\/wp\/v2\/media?parent=2200"}],"curies":[{"name":"wp","href":"https:\/\/api.w.org\/{rel}","templated":true}]}}